{"id":1768,"date":"2024-11-06T17:12:24","date_gmt":"2024-11-06T16:12:24","guid":{"rendered":"https:\/\/www.maliz.it\/centro-medico-polispecialistico\/"},"modified":"2025-10-06T09:07:38","modified_gmt":"2025-10-06T07:07:38","slug":"multispecialty-medical-center","status":"publish","type":"page","link":"https:\/\/www.maliz.it\/en\/multispecialty-medical-center\/","title":{"rendered":"Multispecialty Medical Center"},"content":{"rendered":"<p>[et_pb_section fb_built=&#8221;1&#8243; fullwidth=&#8221;on&#8221; _builder_version=&#8221;4.27.2&#8243; _module_preset=&#8221;default&#8221; global_colors_info=&#8221;{}&#8221;][et_pb_fullwidth_slider admin_label=&#8221;FULL INTRO slider&#8221; module_id=&#8221;fullwidth-slider&#8221; _builder_version=&#8221;4.27.3&#8243; _module_preset=&#8221;default&#8221; global_colors_info=&#8221;{}&#8221;][et_pb_slide heading=&#8221;Multispecialty Medical Center&#8221; button_text=&#8221;Contacts&#8221; button_link=&#8221;https:\/\/www.maliz.it\/contatti\/&#8221; _builder_version=&#8221;4.27.3&#8243; _module_preset=&#8221;default&#8221; background_enable_color=&#8221;off&#8221; background_image=&#8221;https:\/\/www.maliz.it\/wp-content\/uploads\/MALIZ_CMSslider_01.jpg&#8221; background_enable_image=&#8221;on&#8221; global_colors_info=&#8221;{}&#8221; sticky_transition=&#8221;on&#8221;]<\/p>\n<h3>Clinic in Rho (Milan)<\/h3>\n<p>[\/et_pb_slide][\/et_pb_fullwidth_slider][\/et_pb_section][et_pb_section fb_built=&#8221;1&#8243; _builder_version=&#8221;4.27.2&#8243; _module_preset=&#8221;default&#8221; global_colors_info=&#8221;{}&#8221;][et_pb_row _builder_version=&#8221;4.27.2&#8243; _module_preset=&#8221;default&#8221; global_colors_info=&#8221;{}&#8221;][et_pb_column type=&#8221;4_4&#8243; _builder_version=&#8221;4.27.2&#8243; _module_preset=&#8221;default&#8221; global_colors_info=&#8221;{}&#8221;][et_pb_text admin_label=&#8221;INTRO text&#8221; module_class=&#8221;intro-text&#8221; _builder_version=&#8221;4.27.3&#8243; _module_preset=&#8221;default&#8221; global_colors_info=&#8221;{}&#8221;]<\/p>\n<p class=\"p1\"><b>Maliz Medicina &amp; Sicurezza<\/b> is a <b>clinic in Rho<\/b> that has been providing specialized services for years, continuously evolving to offer care in medical specialties such as endocrinology, trichology, ophthalmology, dermatology, and many more.<\/p>\n<p class=\"p1\">The goal of our <b>clinic in Rho<\/b> is to provide our patients with high-quality care, focusing on safety and health by selecting professionals with proven experience. Anyone in need of concrete assistance through reliable medical services, ideal for promoting physical and mental well-being, can rely on our <b>clinic in Rho<\/b>, located in the Metropolitan City of Milan. For information, advice, and appointments, contact our office at Via Cardinal Ferrari 78 using the contact details provided in the relevant section.<\/p>\n<p>[\/et_pb_text][et_pb_button button_url=&#8221;https:\/\/www.miodottore.it\/strutture\/maliz-medicina-sicurezza-3&#8243; button_text=&#8221;BOOK AN APPOINTMENT&#8221; button_alignment=&#8221;center&#8221; admin_label=&#8221;INTRO action button&#8221; _builder_version=&#8221;4.27.3&#8243; _module_preset=&#8221;default&#8221; global_colors_info=&#8221;{}&#8221;][\/et_pb_button][\/et_pb_column][\/et_pb_row][et_pb_row column_structure=&#8221;1_2,1_2&#8243; module_class=&#8221;main-content-internal&#8221; _builder_version=&#8221;4.27.2&#8243; _module_preset=&#8221;default&#8221; global_colors_info=&#8221;{}&#8221;][et_pb_column type=&#8221;1_2&#8243; _builder_version=&#8221;4.27.2&#8243; _module_preset=&#8221;default&#8221; global_colors_info=&#8221;{}&#8221;][et_pb_text admin_label=&#8221;MAIN CONTENT title&#8221; _builder_version=&#8221;4.27.3&#8243; _module_preset=&#8221;default&#8221; global_colors_info=&#8221;{}&#8221;]<\/p>\n<h3>Specialized Medical Services<\/h3>\n<p>[\/et_pb_text][et_pb_text admin_label=&#8221;MAIN CONTENT text&#8221; _builder_version=&#8221;4.27.3&#8243; _module_preset=&#8221;default&#8221; global_colors_info=&#8221;{}&#8221;]<\/p>\n<p>At the <b>Maliz Medicina &amp; Sicurezza clinic in Rho<\/b>, we offer a wide range of specialized medical services to address all types of needs, both physical and psychological. Our goal is to provide 360-degree care for every individual.<\/p>\n<p>From dermatology and physiokinesitherapy to neurology, angiology, and psychotherapy, our <b>clinic in Rho<\/b> offers access to a team of highly qualified professionals, catering to patients of all ages, from children to seniors.<\/p>\n<p>The care and well-being of our patients remain our top priorities, along with ensuring personalized treatments and long-term solutions.<\/p>\n<p>The range of <b>specializations at our clinic in Rho<\/b> is extensive and includes:<\/p>\n<ul>\n<li><a href=\"https:\/\/www.maliz.it\/en\/multispecialty-medical-center\/aesthetic-medicine\/\">Aesthetic medicine<\/a><\/li>\n<li><a href=\"https:\/\/www.maliz.it\/en\/multispecialty-medical-center\/angiology\/\">Angiology<\/a><\/li>\n<li><a href=\"https:\/\/www.maliz.it\/en\/multispecialty-medical-center\/arrhythmology\/\">Arrhythmology<\/a><\/li>\n<li><a href=\"https:\/\/www.maliz.it\/en\/multispecialty-medical-center\/cardiac-surgery\/\">Cardiac Surgery<\/a><\/li>\n<li><a href=\"https:\/\/www.maliz.it\/en\/multispecialty-medical-center\/cardiology\/\">Cardiology<\/a><\/li>\n<li><a href=\"https:\/\/www.maliz.it\/en\/multispecialty-medical-center\/dermatology\/\">Dermatology<\/a><\/li>\n<li><a href=\"https:\/\/www.maliz.it\/en\/multispecialty-medical-center\/diabetology\/\">Diabetology<\/a><\/li>\n<li><a href=\"https:\/\/www.maliz.it\/en\/multispecialty-medical-center\/dietitian-and-nutritionist\/\">Dietitian and Nutritionist<\/a><\/li>\n<li><a href=\"https:\/\/www.maliz.it\/en\/multispecialty-medical-center\/endocrinology\/\">Endocrinology<\/a><\/li>\n<li><a href=\"https:\/\/www.maliz.it\/en\/multispecialty-medical-center\/fitotherapy\/\">Fitotherapy<\/a><\/li>\n<li><a href=\"https:\/\/www.maliz.it\/en\/multispecialty-medical-center\/geriatrics\/\">Geriatrics<\/a><\/li>\n<li><a href=\"https:\/\/www.maliz.it\/en\/multispecialty-medical-center\/hematology\/\">Hematology<\/a><\/li>\n<li><a href=\"https:\/\/www.maliz.it\/en\/multispecialty-medical-center\/internal-medicine\/\">Internal medicine<\/a><\/li>\n<li><a href=\"https:\/\/www.maliz.it\/en\/multispecialty-medical-center\/legal-medicine\/\">Legal medicine<\/a><\/li>\n<li><a href=\"https:\/\/www.maliz.it\/en\/multispecialty-medical-center\/massage-therapy\/\">Massage therapy<\/a><\/li>\n<li><a href=\"https:\/\/www.maliz.it\/en\/multispecialty-medical-center\/nephrology\/\">Nephrology<\/a><\/li>\n<li><a href=\"https:\/\/www.maliz.it\/en\/multispecialty-medical-center\/neurology\/\">Neurology<\/a><\/li>\n<li><a href=\"https:\/\/www.maliz.it\/en\/multispecialty-medical-center\/obstetrics\/\">Obstetrics<\/a><\/li>\n<li><a href=\"https:\/\/www.maliz.it\/en\/multispecialty-medical-center\/ophthalmology\/\">Ophthalmology<\/a><\/li>\n<li><a href=\"https:\/\/www.maliz.it\/en\/multispecialty-medical-center\/orthopedics\/\">Orthopedics<\/a><\/li>\n<li><a href=\"https:\/\/www.maliz.it\/en\/multispecialty-medical-center\/osteopathy\/\">Osteopathy<\/a><\/li>\n<li><a href=\"https:\/\/www.maliz.it\/en\/multispecialty-medical-center\/otorhinolaryngology\/\">Otorhinolaryngology<\/a><\/li>\n<li><a href=\"https:\/\/www.maliz.it\/en\/multispecialty-medical-center\/ozone-therapy\/\">Ozone therapy<\/a><\/li>\n<li><a href=\"https:\/\/www.maliz.it\/en\/multispecialty-medical-center\/pediatrics\/\">Pediatrics<\/a><\/li>\n<li><a href=\"https:\/\/www.maliz.it\/en\/multispecialty-medical-center\/physical-medicine-and-rehabilitation\/\">Physical medicine and rehabilitation<\/a><\/li>\n<li><a href=\"https:\/\/www.maliz.it\/en\/multispecialty-medical-center\/physiokinesitherapy\/\">Physiokinesitherapy<\/a><\/li>\n<li><a href=\"https:\/\/www.maliz.it\/en\/multispecialty-medical-center\/podiatry\/\">Podiatry<\/a><\/li>\n<li><a href=\"https:\/\/www.maliz.it\/en\/multispecialty-medical-center\/posturology\/\">Posturology<\/a><\/li>\n<li><a href=\"https:\/\/www.maliz.it\/en\/multispecialty-medical-center\/proctology\/\">Proctology<\/a><\/li>\n<li><a href=\"https:\/\/www.maliz.it\/en\/multispecialty-medical-center\/psychotherapy\/\">Psychotherapy<\/a><\/li>\n<li><a href=\"https:\/\/www.maliz.it\/en\/multispecialty-medical-center\/pulmonology\/\">Pulmonology<\/a><\/li>\n<li><a href=\"https:\/\/www.maliz.it\/en\/multispecialty-medical-center\/speech-therapy\/\">Speech therapy<\/a><\/li>\n<li><a href=\"https:\/\/www.maliz.it\/en\/multispecialty-medical-center\/surgery\/\">Surgery<\/a><\/li>\n<li><a href=\"https:\/\/www.maliz.it\/en\/multispecialty-medical-center\/trichology-and-prp\/\">Trichology and PRP<\/a><\/li>\n<li><a href=\"https:\/\/www.maliz.it\/en\/multispecialty-medical-center\/urology\/\">Urology<\/a><\/li>\n<\/ul>\n<p>For more information or to book an appointment, don\u2019t hesitate to contact us.<\/p>\n<p>[\/et_pb_text][\/et_pb_column][et_pb_column type=&#8221;1_2&#8243; _builder_version=&#8221;4.27.2&#8243; _module_preset=&#8221;default&#8221; global_colors_info=&#8221;{}&#8221;][et_pb_image src=&#8221;https:\/\/www.maliz.it\/wp-content\/uploads\/MALIZ_CMSInternal01.jpg&#8221; title_text=&#8221;MALIZ_CMSInternal01&#8243; admin_label=&#8221;CONTENT image&#8221; _builder_version=&#8221;4.27.3&#8243; _module_preset=&#8221;default&#8221; hover_enabled=&#8221;0&#8243; global_colors_info=&#8221;{}&#8221; sticky_enabled=&#8221;0&#8243;][\/et_pb_image][\/et_pb_column][\/et_pb_row][\/et_pb_section][et_pb_section fb_built=&#8221;1&#8243; fullwidth=&#8221;on&#8221; _builder_version=&#8221;4.27.2&#8243; _module_preset=&#8221;default&#8221; global_colors_info=&#8221;{}&#8221;][et_pb_fullwidth_slider admin_label=&#8221;FULL OUTRO slider&#8221; module_id=&#8221;fullwidth-outro-slider&#8221; _builder_version=&#8221;4.27.3&#8243; _module_preset=&#8221;default&#8221; global_colors_info=&#8221;{}&#8221;][et_pb_slide heading=&#8221;Multispecialty Medical Center&#8221; button_text=&#8221;Call now&#8221; button_link=&#8221;tel:+39029309391&#8243; _builder_version=&#8221;4.27.3&#8243; _module_preset=&#8221;default&#8221; background_enable_color=&#8221;off&#8221; background_image=&#8221;https:\/\/www.maliz.it\/wp-content\/uploads\/MALIZ_Outro_Slider.jpg&#8221; background_enable_image=&#8221;on&#8221; text_orientation=&#8221;left&#8221; global_colors_info=&#8221;{}&#8221; sticky_transition=&#8221;on&#8221;]<\/p>\n<h3>Call the clinic in Rho to book an appointment for a consultation.<\/h3>\n<p>[\/et_pb_slide][\/et_pb_fullwidth_slider][\/et_pb_section]<\/p>\n","protected":false},"excerpt":{"rendered":"<p>Clinic in Rho (Milan)Maliz Medicina &amp; Sicurezza is a clinic in Rho that has been providing specialized services for years, continuously evolving to offer care in medical specialties such as endocrinology, trichology, ophthalmology, dermatology, and many more. The goal of our clinic in Rho is to provide our patients with high-quality care, focusing on safety [&hellip;]<\/p>\n","protected":false},"author":1,"featured_media":0,"parent":0,"menu_order":0,"comment_status":"closed","ping_status":"closed","template":"","meta":{"_et_pb_use_builder":"on","_et_pb_old_content":"[et_pb_section fb_built=\"1\" fullwidth=\"on\" _builder_version=\"4.27.2\" _module_preset=\"default\" global_colors_info=\"{}\"][et_pb_fullwidth_slider admin_label=\"FULL INTRO slider\" module_id=\"fullwidth-slider\" _builder_version=\"4.27.2\" _module_preset=\"default\" global_colors_info=\"{}\"][et_pb_slide heading=\"Centro Medico Polispecialistico\" button_text=\"Contatti\" button_link=\"https:\/\/www.maliz.it\/contatti\/\" _builder_version=\"4.27.2\" _module_preset=\"default\" background_enable_color=\"off\" background_image=\"https:\/\/www.maliz.it\/wp-content\/uploads\/MALIZ_CMSslider_01.jpg\" background_enable_image=\"on\" global_colors_info=\"{}\" sticky_transition=\"on\"]<h3>Poliambulatorio a Rho (Milano)<\/h3>[\/et_pb_slide][\/et_pb_fullwidth_slider][\/et_pb_section][et_pb_section fb_built=\"1\" _builder_version=\"4.27.2\" _module_preset=\"default\" global_colors_info=\"{}\"][et_pb_row _builder_version=\"4.27.2\" _module_preset=\"default\" global_colors_info=\"{}\"][et_pb_column type=\"4_4\" _builder_version=\"4.27.2\" _module_preset=\"default\" global_colors_info=\"{}\"][et_pb_text admin_label=\"INTRO text\" module_class=\"intro-text\" _builder_version=\"4.27.2\" _module_preset=\"default\" global_colors_info=\"{}\"]<p>Maliz Medicina & Sicurezza \u00e8 un <strong>poliambulatorio di Rho<\/strong> che da anni fornisce servizi specialistici in continua evoluzione, relativi a branche mediche specialistiche quali endocrinologia, tricologia, oculistica e dermatologia e molte altre.<\/p>\r\n<p>L'obiettivo del nostro <strong>poliambulatorio di Rho<\/strong> \u00e8 quello di fornire ai nostri Pazienti cure con elevati standard qualitativi, basati sulla sicurezza e la salute attraverso la scelta di professionisti di comprovata esperienza. Chiunque necessiti di aiuto concreto mediante servizi medici affidabili, ideali per favorire il benessere psicofisico, pu\u00f2 affidarsi al nostro <strong>poliambulatorio di Rho<\/strong>, nella Citt\u00e0 metropolitana di Milano: per informazioni, consigli e appuntamenti contatta la nostra sede di Via Cardinal Ferrari 78 tramite i recapiti nell'apposita sezione.<\/p>[\/et_pb_text][et_pb_button button_url=\"https:\/\/www.miodottore.it\/strutture\/maliz-medicina-sicurezza-3\" button_text=\"FISSA UN APPUNTAMENTO\" button_alignment=\"center\" admin_label=\"INTRO action button\" _builder_version=\"4.27.2\" _module_preset=\"default\" global_colors_info=\"{}\"][\/et_pb_button][\/et_pb_column][\/et_pb_row][et_pb_row column_structure=\"1_2,1_2\" module_class=\"main-content-internal\" _builder_version=\"4.27.2\" _module_preset=\"default\" global_colors_info=\"{}\"][et_pb_column type=\"1_2\" _builder_version=\"4.27.2\" _module_preset=\"default\" global_colors_info=\"{}\"][et_pb_text admin_label=\"MAIN CONTENT title\" _builder_version=\"4.27.2\" _module_preset=\"default\" global_colors_info=\"{}\"]<h3>Servizi medici specializzati<\/h3>[\/et_pb_text][et_pb_text admin_label=\"MAIN CONTENT text\" _builder_version=\"4.27.3\" _module_preset=\"default\" global_colors_info=\"{}\"]<p>Al <strong>poliambulatorio di Rho<\/strong> Maliz Medicina & Sicurezza offriamo un'ampia variet\u00e0 di servizi medici specializzati per soddisfare ogni tipologia di esigenza, sia dal punto di vista fisico che psicologico, il nostro obiettivo \u00e8 prenderci cura della persona a 360 gradi.<\/p>\r\n<p>Dalla dermatologia alla fisiokinesiterapia fino alla neurologia, alla angiologia e alla psicoterapia, dal bambino all'anziano, il nostro <strong>poliambulatorio di Rho<\/strong> mette a tua disposizione un team di professionisti altamente qualificati.<\/p>\r\n<p>La cura e il benessere dei nostri pazienti \u00e8 la priorit\u00e0 assoluta, cos\u00ec come la garanzia di fornire trattamenti personalizzati e soluzioni a lungo termine.<\/p>\r\n<p>La gamma delle <strong>specializzazioni del poliambulatorio di Rho<\/strong> \u00e8 molto ampia e include:<\/p>\r\n<ul>\r\n<li>angiologia;<\/li>\r\n<li>cardiologia;<\/li>\r\n<li>dermatologia;<\/li>\r\n<li>ematologia;<\/li>\r\n<li>endocrinologia;<\/li>\r\n<li>fisiatria;<\/li>\r\n<li>fisiokinesiterapia;<\/li>\r\n<li>geriatria;<\/li>\r\n<li>medicina e chirurgia estetica;<\/li>\r\n<li>medicina interna;<\/li>\r\n<li>medicina dell'obesit\u00e0;<\/li>\r\n<li>naturopatia;<\/li>\r\n<li>neurologia;<\/li>\r\n<li>oculistica;<\/li>\r\n<li>omeopatia;<\/li>\r\n<li>ortopedia;<\/li>\r\n<li>osteopatia;<\/li>\r\n<li>otorinolaringoiatria;<\/li>\r\n<li>ozonoterapia;<\/li>\r\n<li>pneumologia;<\/li>\r\n<li>proctologia;<\/li>\r\n<li>psicoterapia<\/li>\r\n<li>tricologia;<\/li>\r\n<li>urologia;<\/li>\r\n<\/ul>[\/et_pb_text][\/et_pb_column][et_pb_column type=\"1_2\" _builder_version=\"4.27.2\" _module_preset=\"default\" global_colors_info=\"{}\"][et_pb_image src=\"https:\/\/www.maliz.it\/wp-content\/uploads\/MALIZ_CMSInternal01.jpeg\" title_text=\"MALIZ_CMSInternal01\" admin_label=\"CONTENT image\" _builder_version=\"4.27.3\" _module_preset=\"default\" global_colors_info=\"{}\"][\/et_pb_image][\/et_pb_column][\/et_pb_row][\/et_pb_section][et_pb_section fb_built=\"1\" fullwidth=\"on\" _builder_version=\"4.27.2\" _module_preset=\"default\" global_colors_info=\"{}\"][et_pb_fullwidth_slider admin_label=\"FULL OUTRO slider\" module_id=\"fullwidth-outro-slider\" _builder_version=\"4.27.3\" _module_preset=\"default\" hover_enabled=\"0\" global_colors_info=\"{}\" sticky_enabled=\"0\"][et_pb_slide heading=\"Centro Medico Polispecialistico\" button_text=\"Chiama ora\" button_link=\"tel:+39029309391\" _builder_version=\"4.27.3\" _module_preset=\"default\" background_enable_color=\"off\" background_image=\"https:\/\/www.maliz.it\/wp-content\/uploads\/MALIZ_Outro_Slider.jpg\" background_enable_image=\"on\" text_orientation=\"left\" hover_enabled=\"0\" global_colors_info=\"{}\" sticky_transition=\"on\" title_text=\"MALIZ_HomeSlider\" sticky_enabled=\"0\"]<h3>Chiama il poliambulatorio di Rho per fissare un appuntamento per una visita<\/h3>[\/et_pb_slide][\/et_pb_fullwidth_slider][\/et_pb_section]","_et_gb_content_width":"","footnotes":""},"class_list":["post-1768","page","type-page","status-publish","hentry"],"_links":{"self":[{"href":"https:\/\/www.maliz.it\/en\/wp-json\/wp\/v2\/pages\/1768","targetHints":{"allow":["GET"]}}],"collection":[{"href":"https:\/\/www.maliz.it\/en\/wp-json\/wp\/v2\/pages"}],"about":[{"href":"https:\/\/www.maliz.it\/en\/wp-json\/wp\/v2\/types\/page"}],"author":[{"embeddable":true,"href":"https:\/\/www.maliz.it\/en\/wp-json\/wp\/v2\/users\/1"}],"replies":[{"embeddable":true,"href":"https:\/\/www.maliz.it\/en\/wp-json\/wp\/v2\/comments?post=1768"}],"version-history":[{"count":1,"href":"https:\/\/www.maliz.it\/en\/wp-json\/wp\/v2\/pages\/1768\/revisions"}],"predecessor-version":[{"id":3171,"href":"https:\/\/www.maliz.it\/en\/wp-json\/wp\/v2\/pages\/1768\/revisions\/3171"}],"wp:attachment":[{"href":"https:\/\/www.maliz.it\/en\/wp-json\/wp\/v2\/media?parent=1768"}],"curies":[{"name":"wp","href":"https:\/\/api.w.org\/{rel}","templated":true}]}}