{"id":2024,"date":"2024-11-07T15:31:06","date_gmt":"2024-11-07T14:31:06","guid":{"rendered":"https:\/\/www.maliz.it\/?page_id=2024"},"modified":"2025-10-03T09:32:51","modified_gmt":"2025-10-03T07:32:51","slug":"pulmonology","status":"publish","type":"page","link":"https:\/\/www.maliz.it\/en\/multispecialty-medical-center\/pulmonology\/","title":{"rendered":"Pulmonology"},"content":{"rendered":"<p>[et_pb_section fb_built=&#8221;1&#8243; fullwidth=&#8221;on&#8221; _builder_version=&#8221;4.27.2&#8243; _module_preset=&#8221;default&#8221; global_colors_info=&#8221;{}&#8221;][et_pb_fullwidth_slider admin_label=&#8221;FULL INTRO slider&#8221; module_id=&#8221;fullwidth-slider&#8221; module_class=&#8221;internal-intro-slider&#8221; _builder_version=&#8221;4.27.3&#8243; _module_preset=&#8221;default&#8221; global_colors_info=&#8221;{}&#8221;][et_pb_slide heading=&#8221;Pulmonology&#8221; button_link=&#8221;https:\/\/www.maliz.it\/contatti\/&#8221; _builder_version=&#8221;4.27.3&#8243; _module_preset=&#8221;default&#8221; background_enable_color=&#8221;off&#8221; background_image=&#8221;https:\/\/www.maliz.it\/wp-content\/uploads\/MALIZ_Pneumologia_Slider.jpg&#8221; background_enable_image=&#8221;on&#8221; global_colors_info=&#8221;{}&#8221; sticky_transition=&#8221;on&#8221;]<\/p>\n<h3>Specialists in pulmonology and respiratory issues in Rho (Milan)<\/h3>\n<p>[\/et_pb_slide][\/et_pb_fullwidth_slider][\/et_pb_section][et_pb_section fb_built=&#8221;1&#8243; admin_label=&#8221;MED form&#8221; _builder_version=&#8221;4.27.3&#8243; _module_preset=&#8221;default&#8221; background_image=&#8221;https:\/\/www.maliz.it\/wp-content\/uploads\/MALIZ_MedForm.jpg&#8221; parallax=&#8221;on&#8221; parallax_method=&#8221;off&#8221; global_colors_info=&#8221;{}&#8221;][et_pb_row column_structure=&#8221;1_2,1_2&#8243; module_class=&#8221;main-content-internal&#8221; _builder_version=&#8221;4.27.2&#8243; _module_preset=&#8221;default&#8221; global_colors_info=&#8221;{}&#8221;][et_pb_column type=&#8221;1_2&#8243; _builder_version=&#8221;4.27.2&#8243; _module_preset=&#8221;default&#8221; global_colors_info=&#8221;{}&#8221;][et_pb_text admin_label=&#8221;MAIN CONTENT title&#8221; _builder_version=&#8221;4.27.3&#8243; _module_preset=&#8221;default&#8221; global_colors_info=&#8221;{}&#8221;]<\/p>\n<h3>Our services<\/h3>\n<p>[\/et_pb_text][et_pb_text admin_label=&#8221;MAIN CONTENT text&#8221; _builder_version=&#8221;4.27.3&#8243; _module_preset=&#8221;default&#8221; global_colors_info=&#8221;{}&#8221;]<\/p>\n<ul>\n<li>Pulmonology visit<\/li>\n<li>Lung ultrasound<\/li>\n<li>Step test<\/li>\n<li>Spirometry<\/li>\n<li>Bronchodilation test<\/li>\n<li>Polysomnography<\/li>\n<\/ul>\n<p>[\/et_pb_text][et_pb_button button_url=&#8221;tel:+39029309391&#8243; button_text=&#8221;Book now&#8221; admin_label=&#8221;PRENOTA ORA button&#8221; _builder_version=&#8221;4.27.3&#8243; _module_preset=&#8221;default&#8221; custom_button=&#8221;on&#8221; button_icon=&#8221;&#xe090;||divi||400&#8243; button_icon_placement=&#8221;left&#8221; button_on_hover=&#8221;off&#8221; global_colors_info=&#8221;{}&#8221;][\/et_pb_button][et_pb_button button_url=&#8221;https:\/\/www.miodottore.it\/strutture\/maliz-medicina-sicurezza-3&#8243; button_text=&#8221;Book without waiting&#8221; admin_label=&#8221;PRENOTA SENZA ATTESE button&#8221; _builder_version=&#8221;4.27.3&#8243; _module_preset=&#8221;default&#8221; custom_button=&#8221;on&#8221; button_icon=&#8221;&#x6c;||divi||400&#8243; button_icon_placement=&#8221;left&#8221; button_on_hover=&#8221;off&#8221; global_colors_info=&#8221;{}&#8221;][\/et_pb_button][\/et_pb_column][et_pb_column type=&#8221;1_2&#8243; _builder_version=&#8221;4.27.2&#8243; _module_preset=&#8221;default&#8221; global_colors_info=&#8221;{}&#8221;][et_pb_text admin_label=&#8221;ENG MAIN CONTACT tooltip&#8221; module_id=&#8221;main-contact-form-tooltip&#8221; _builder_version=&#8221;4.27.3&#8243; _module_preset=&#8221;default&#8221; global_module=&#8221;3088&#8243; saved_tabs=&#8221;all&#8221; global_colors_info=&#8221;{}&#8221;]<\/p>\n<p>* mandatory fields<\/p>\n<p>[\/et_pb_text][\/et_pb_column][\/et_pb_row][\/et_pb_section][et_pb_section fb_built=&#8221;1&#8243; _builder_version=&#8221;4.27.2&#8243; _module_preset=&#8221;default&#8221; global_colors_info=&#8221;{}&#8221;][et_pb_row _builder_version=&#8221;4.27.2&#8243; _module_preset=&#8221;default&#8221; global_colors_info=&#8221;{}&#8221;][et_pb_column type=&#8221;4_4&#8243; _builder_version=&#8221;4.27.2&#8243; _module_preset=&#8221;default&#8221; global_colors_info=&#8221;{}&#8221;][et_pb_text admin_label=&#8221;INTRO text&#8221; module_class=&#8221;intro-text&#8221; _builder_version=&#8221;4.27.3&#8243; _module_preset=&#8221;default&#8221; global_colors_info=&#8221;{}&#8221;]Another key area of expertise that has made Maliz Medicina &#038; Sicurezza a point of reference in the province of Milan and Rho is pulmonology. Pulmonology is a branch of medicine focused on treating major respiratory conditions, such as bronchitis, asthma, sleep apnea, emphysema, and more.<\/p>\n<p>Thanks to highly qualified specialists and cutting-edge methodologies, our Milan clinic is the ideal choice for anyone seeking effective care in the field of pulmonology. Contact our office at Via Cardinal Ferrari 78 in Rho for more information or to schedule an appointment.[\/et_pb_text][et_pb_button button_url=&#8221;https:\/\/www.maliz.it\/en\/contacts&#8221; button_text=&#8221;CONTACTS&#8221; button_alignment=&#8221;center&#8221; admin_label=&#8221;INTRO action button&#8221; _builder_version=&#8221;4.27.3&#8243; _module_preset=&#8221;default&#8221; global_colors_info=&#8221;{}&#8221;][\/et_pb_button][\/et_pb_column][\/et_pb_row][et_pb_row column_structure=&#8221;1_2,1_2&#8243; module_class=&#8221;main-content-internal&#8221; _builder_version=&#8221;4.27.2&#8243; _module_preset=&#8221;default&#8221; global_colors_info=&#8221;{}&#8221;][et_pb_column type=&#8221;1_2&#8243; _builder_version=&#8221;4.27.2&#8243; _module_preset=&#8221;default&#8221; global_colors_info=&#8221;{}&#8221;][et_pb_text admin_label=&#8221;MAIN CONTENT title&#8221; _builder_version=&#8221;4.27.3&#8243; _module_preset=&#8221;default&#8221; global_colors_info=&#8221;{}&#8221;]<\/p>\n<h3>The main conditions treated<\/h3>\n<p>[\/et_pb_text][et_pb_text admin_label=&#8221;MAIN CONTENT text&#8221; _builder_version=&#8221;4.27.3&#8243; _module_preset=&#8221;default&#8221; global_colors_info=&#8221;{}&#8221;]<\/p>\n<p>At the pulmonology department of the Maliz Medicina &amp; Sicurezza center, we perform specialist visits and diagnostic tests aimed at assessing and treating respiratory diseases in adults and children, from the most common to the most complex, such as:<\/p>\n<ul>\n<li>Bronchitis;<\/li>\n<li>Cold;<\/li>\n<li>Flu;<\/li>\n<li>Asthma;<\/li>\n<li>Rhinitis;<\/li>\n<li>Respiratory insufficiency;<\/li>\n<li>COPD (chronic obstructive pulmonary disease);<\/li>\n<li>Tuberculosis;<\/li>\n<li>Cough;<\/li>\n<li>Sleep apnea.<\/li>\n<\/ul>\n<p>[\/et_pb_text][\/et_pb_column][et_pb_column type=&#8221;1_2&#8243; _builder_version=&#8221;4.27.2&#8243; _module_preset=&#8221;default&#8221; global_colors_info=&#8221;{}&#8221;][et_pb_image src=&#8221;https:\/\/www.maliz.it\/wp-content\/uploads\/MALIZ_Pneumologia_Int1.jpeg&#8221; title_text=&#8221;MALIZ_Pneumologia_Int1&#8243; admin_label=&#8221;CONTENT image&#8221; _builder_version=&#8221;4.27.3&#8243; _module_preset=&#8221;default&#8221; global_colors_info=&#8221;{}&#8221;][\/et_pb_image][\/et_pb_column][\/et_pb_row][et_pb_row module_class=&#8221;main-content-internal&#8221; _builder_version=&#8221;4.27.2&#8243; _module_preset=&#8221;default&#8221; global_colors_info=&#8221;{}&#8221;][et_pb_column type=&#8221;4_4&#8243; _builder_version=&#8221;4.27.2&#8243; _module_preset=&#8221;default&#8221; global_colors_info=&#8221;{}&#8221;][et_pb_text admin_label=&#8221;MAIN CONTENT text&#8221; _builder_version=&#8221;4.27.3&#8243; _module_preset=&#8221;default&#8221; global_colors_info=&#8221;{}&#8221;]The specialized pulmonologist is responsible for the correct diagnosis and treatment of respiratory diseases, as well as for assessing lung function through tests like spirometry and bronchodilation testing. If the need for rehabilitative hospitalization for more complex conditions is identified, the pulmonologist may refer the patient to specialized facilities.<\/p>\n<p>Once the patient\u2019s health status and lifestyle information are gathered (for example, whether they are smokers or exposed to a higher risk of lung diseases due to their profession), the pulmonologist proceeds with a physical examination, evaluating certain parameters to determine the most suitable treatment.[\/et_pb_text][\/et_pb_column][\/et_pb_row][\/et_pb_section][et_pb_section fb_built=&#8221;1&#8243; fullwidth=&#8221;on&#8221; _builder_version=&#8221;4.27.2&#8243; _module_preset=&#8221;default&#8221; global_colors_info=&#8221;{}&#8221;][et_pb_fullwidth_slider admin_label=&#8221;FULL OUTRO slider&#8221; module_id=&#8221;fullwidth-outro-slider&#8221; _builder_version=&#8221;4.27.3&#8243; _module_preset=&#8221;default&#8221; global_colors_info=&#8221;{}&#8221;][et_pb_slide heading=&#8221;Pulmonology&#8221; button_text=&#8221;Our contacts&#8221; button_link=&#8221;https:\/\/www.maliz.it\/contatti\/&#8221; _builder_version=&#8221;4.27.3&#8243; _module_preset=&#8221;default&#8221; background_enable_color=&#8221;off&#8221; background_image=&#8221;https:\/\/www.maliz.it\/wp-content\/uploads\/MALIZ_Outro_Slider.jpg&#8221; background_enable_image=&#8221;on&#8221; text_orientation=&#8221;left&#8221; global_colors_info=&#8221;{}&#8221; sticky_transition=&#8221;on&#8221;]<\/p>\n<h3>Contact us now to schedule a pulmonology consultation.<\/h3>\n<p>[\/et_pb_slide][\/et_pb_fullwidth_slider][\/et_pb_section]<\/p>\n","protected":false},"excerpt":{"rendered":"<p>Specialists in pulmonology and respiratory issues in Rho (Milan)Our services Pulmonology visit Lung ultrasound Step test Spirometry Bronchodilation test Polysomnography * mandatory fields Another key area of expertise that has made Maliz Medicina &#038; Sicurezza a point of reference in the province of Milan and Rho is pulmonology. Pulmonology is a branch of medicine focused [&hellip;]<\/p>\n","protected":false},"author":1,"featured_media":0,"parent":1768,"menu_order":0,"comment_status":"closed","ping_status":"closed","template":"","meta":{"_et_pb_use_builder":"on","_et_pb_old_content":"[et_pb_section fb_built=\"1\" fullwidth=\"on\" _builder_version=\"4.27.2\" _module_preset=\"default\" global_colors_info=\"{}\" theme_builder_area=\"post_content\"][et_pb_fullwidth_slider admin_label=\"FULL INTRO slider\" module_id=\"fullwidth-slider\" module_class=\"internal-intro-slider\" _builder_version=\"4.27.3\" _module_preset=\"default\" hover_enabled=\"0\" global_colors_info=\"{}\" theme_builder_area=\"post_content\" sticky_enabled=\"0\"][et_pb_slide heading=\"Pneumologia\" button_link=\"https:\/\/www.maliz.it\/contatti\/\" _builder_version=\"4.27.3\" _module_preset=\"default\" background_enable_color=\"off\" background_image=\"https:\/\/www.maliz.it\/wp-content\/uploads\/MALIZ_Pneumologia_Slider.jpg\" background_enable_image=\"on\" hover_enabled=\"0\" global_colors_info=\"{}\" sticky_transition=\"on\" theme_builder_area=\"post_content\" title_text=\"MALIZ_Home_Icons\" sticky_enabled=\"0\"]<h3>Specialisti di pneumologia  e problemi respiratori a Rho (Milano)<\/h3>[\/et_pb_slide][\/et_pb_fullwidth_slider][\/et_pb_section][et_pb_section fb_built=\"1\" admin_label=\"MED form\" _builder_version=\"4.27.3\" _module_preset=\"default\" background_image=\"https:\/\/www.maliz.it\/wp-content\/uploads\/MALIZ_MedForm.jpg\" parallax=\"on\" parallax_method=\"off\" global_colors_info=\"{}\" theme_builder_area=\"post_content\"][et_pb_row column_structure=\"1_2,1_2\" module_class=\"main-content-internal\" _builder_version=\"4.27.2\" _module_preset=\"default\" global_colors_info=\"{}\" theme_builder_area=\"post_content\"][et_pb_column type=\"1_2\" _builder_version=\"4.27.2\" _module_preset=\"default\" global_colors_info=\"{}\" theme_builder_area=\"post_content\"][et_pb_text admin_label=\"MAIN CONTENT title\" _builder_version=\"4.27.3\" _module_preset=\"default\" global_colors_info=\"{}\" theme_builder_area=\"post_content\"]<h3>I nostri servizi<\/h3>[\/et_pb_text][et_pb_text admin_label=\"MAIN CONTENT text\" _builder_version=\"4.27.3\" _module_preset=\"default\" hover_enabled=\"0\" global_colors_info=\"{}\" theme_builder_area=\"post_content\" sticky_enabled=\"0\"]<ul>\r\n<li>Visita pneumologica<\/li>\r\n<li>Eco polmoni<\/li>\r\n<li>Test del passo<\/li>\r\n<li>Spirometria<\/li>\r\n<li>Test di bronco dilatazione<\/li>\r\n<li>Polisonnografia<\/li>\r\n<\/ul>[\/et_pb_text][et_pb_button button_url=\"tel:+39029309391\" button_text=\"Prenota ora\" admin_label=\"PRENOTA ORA button\" _builder_version=\"4.27.3\" _module_preset=\"default\" custom_button=\"on\" button_icon=\"\ue090||divi||400\" button_icon_placement=\"left\" button_on_hover=\"off\" global_colors_info=\"{}\" theme_builder_area=\"post_content\"][\/et_pb_button][et_pb_button button_url=\"https:\/\/www.miodottore.it\/strutture\/maliz-medicina-sicurezza-3\" button_text=\"Prenota senza attese\" admin_label=\"PRENOTA SENZA ATTESE button\" _builder_version=\"4.27.3\" _module_preset=\"default\" custom_button=\"on\" button_icon=\"l||divi||400\" button_icon_placement=\"left\" button_on_hover=\"off\" global_colors_info=\"{}\" theme_builder_area=\"post_content\"][\/et_pb_button][\/et_pb_column][et_pb_column type=\"1_2\" _builder_version=\"4.27.2\" _module_preset=\"default\" global_colors_info=\"{}\" theme_builder_area=\"post_content\"][et_pb_code admin_label=\"MAIN CONTACT form\" module_id=\"main-contact-form\" _builder_version=\"4.27.3\" _module_preset=\"default\" global_colors_info=\"{}\" theme_builder_area=\"post_content\"][contact-form-7 id=\"5c9ad58\" title=\"Contatto Principale\"][\/et_pb_code][\/et_pb_column][\/et_pb_row][\/et_pb_section][et_pb_section fb_built=\"1\" _builder_version=\"4.27.2\" _module_preset=\"default\" global_colors_info=\"{}\" theme_builder_area=\"post_content\"][et_pb_row _builder_version=\"4.27.2\" _module_preset=\"default\" global_colors_info=\"{}\" theme_builder_area=\"post_content\"][et_pb_column type=\"4_4\" _builder_version=\"4.27.2\" _module_preset=\"default\" global_colors_info=\"{}\" theme_builder_area=\"post_content\"][et_pb_text admin_label=\"INTRO text\" module_class=\"intro-text\" _builder_version=\"4.27.3\" _module_preset=\"default\" hover_enabled=\"0\" global_colors_info=\"{}\" theme_builder_area=\"post_content\" sticky_enabled=\"0\"]Altro fondamentale ramo di specializzazione che ha reso il centro Maliz Medicina & Sicurezza un punto di riferimento nella provincia di Milano e a Rho \u00e8 la pneumologia. La pneumologia \u00e8 una branca della medicina che si occupa di curare le principali patologie di tipo respiratorio, come per esempio bronchite, asma, apnee notturne, enfisemi etc.\r\n\r\nGrazie a specialisti altamente qualificati e alle metodologie pi\u00f9 all'avanguardia, la nostra clinica di Milano \u00e8 la scelta ideale per tutti coloro che sono alla ricerca di percorsi efficaci nell'ambito della pneumologia: contatta la nostra sede di Via Cardinal Ferrari 78 a Milano Rho per maggiori informazioni o per fissare un appuntamento. [\/et_pb_text][et_pb_button button_url=\"https:\/\/www.maliz.it\/contatti\/\" button_text=\"CONTATTI\" button_alignment=\"center\" admin_label=\"INTRO action button\" _builder_version=\"4.27.3\" _module_preset=\"default\" hover_enabled=\"0\" global_colors_info=\"{}\" theme_builder_area=\"post_content\" sticky_enabled=\"0\"][\/et_pb_button][\/et_pb_column][\/et_pb_row][et_pb_row column_structure=\"1_2,1_2\" module_class=\"main-content-internal\" _builder_version=\"4.27.2\" _module_preset=\"default\" global_colors_info=\"{}\" theme_builder_area=\"post_content\"][et_pb_column type=\"1_2\" _builder_version=\"4.27.2\" _module_preset=\"default\" global_colors_info=\"{}\" theme_builder_area=\"post_content\"][et_pb_text admin_label=\"MAIN CONTENT title\" _builder_version=\"4.27.3\" _module_preset=\"default\" hover_enabled=\"0\" global_colors_info=\"{}\" theme_builder_area=\"post_content\" sticky_enabled=\"0\"]<h3>Le principali patologie trattate<\/h3>[\/et_pb_text][et_pb_text admin_label=\"MAIN CONTENT text\" _builder_version=\"4.27.3\" _module_preset=\"default\" hover_enabled=\"0\" global_colors_info=\"{}\" theme_builder_area=\"post_content\" sticky_enabled=\"0\"]<p>Presso il reparto di pneumologia del centro Maliz Medicina & Sicurezza si eseguono visite specialistiche ed esami diagnostici mirati a valutare e curare le malattie respiratorie di adulti e bambini, dalle pi\u00f9 comuni alle pi\u00f9 complesse, quali per esempio:<\/p>\r\n<ul>\r\n<li>Bronchite;<\/li>\r\n<li>Raffreddore;<\/li>\r\n<li>Influenza;<\/li>\r\n<li>Asma;<\/li>\r\n<li>Rinite;<\/li>\r\n<li>Insufficienza respiratoria;<\/li>\r\n<li>BPCO (broncopneumopatia cronica ostruttiva);<\/li>\r\n<li>Tubercolosi;<\/li>\r\n<li>Tosse;<\/li>\r\n<li>Apnea notturna.<\/li>\r\n<\/ul>[\/et_pb_text][\/et_pb_column][et_pb_column type=\"1_2\" _builder_version=\"4.27.2\" _module_preset=\"default\" global_colors_info=\"{}\" theme_builder_area=\"post_content\"][et_pb_image src=\"https:\/\/www.maliz.it\/wp-content\/uploads\/MALIZ_Pneumologia_Int1.jpeg\" title_text=\"MALIZ_Pneumologia_Int1\" admin_label=\"CONTENT image\" _builder_version=\"4.27.3\" _module_preset=\"default\" hover_enabled=\"0\" global_colors_info=\"{}\" theme_builder_area=\"post_content\" sticky_enabled=\"0\"][\/et_pb_image][\/et_pb_column][\/et_pb_row][et_pb_row module_class=\"main-content-internal\" _builder_version=\"4.27.2\" _module_preset=\"default\" global_colors_info=\"{}\" theme_builder_area=\"post_content\"][et_pb_column type=\"4_4\" _builder_version=\"4.27.2\" _module_preset=\"default\" global_colors_info=\"{}\" theme_builder_area=\"post_content\"][et_pb_text admin_label=\"MAIN CONTENT text\" _builder_version=\"4.27.3\" _module_preset=\"default\" hover_enabled=\"0\" global_colors_info=\"{}\" theme_builder_area=\"post_content\" sticky_enabled=\"0\"]Il medico specializzato in pneumologia si occupa della corretta diagnosi e della terapia delle malattie dell'apparato respiratorio nonch\u00e9 di verificare la funzionalit\u00e0 polmonare attraverso esami come la spirometria e il test di broncodilatazione. Nel caso in cui si rilevi la necessit\u00e0 di un ricovero ospedaliero riabilitativo per le patologie pi\u00f9 complesse lo pneumologo pu\u00f2 inviare il paziente presso strutture dedicate.\r\n\r\nUna volta effettuata la raccolta delle informazioni sullo stato di salute e sullo stile di vita del paziente (per esempio se si \u00e8 fumatori o si \u00e8 esposti per professione a un aumentato rischio di contrarre malattie polmonari), il medico specializzato in pneumologia procede all'esame obiettivo con la valutazione di alcuni parametri, al fine di individuare la terapia pi\u00f9 adatta.[\/et_pb_text][\/et_pb_column][\/et_pb_row][\/et_pb_section][et_pb_section fb_built=\"1\" fullwidth=\"on\" _builder_version=\"4.27.2\" _module_preset=\"default\" global_colors_info=\"{}\" theme_builder_area=\"post_content\"][et_pb_fullwidth_slider admin_label=\"FULL OUTRO slider\" module_id=\"fullwidth-outro-slider\" _builder_version=\"4.27.3\" _module_preset=\"default\" hover_enabled=\"0\" global_colors_info=\"{}\" theme_builder_area=\"post_content\" sticky_enabled=\"0\"][et_pb_slide heading=\"Pneumologia\" button_text=\"I nostri contatti\" button_link=\"https:\/\/www.maliz.it\/contatti\/\" _builder_version=\"4.27.3\" _module_preset=\"default\" background_enable_color=\"off\" background_image=\"https:\/\/www.maliz.it\/wp-content\/uploads\/MALIZ_Outro_Slider.jpg\" background_enable_image=\"on\" text_orientation=\"left\" hover_enabled=\"0\" global_colors_info=\"{}\" sticky_transition=\"on\" theme_builder_area=\"post_content\" sticky_enabled=\"0\"]<h3>Contattaci subito per fissare una visita di pneumologia<\/h3>[\/et_pb_slide][\/et_pb_fullwidth_slider][\/et_pb_section]","_et_gb_content_width":"","footnotes":""},"class_list":["post-2024","page","type-page","status-publish","hentry"],"_links":{"self":[{"href":"https:\/\/www.maliz.it\/en\/wp-json\/wp\/v2\/pages\/2024","targetHints":{"allow":["GET"]}}],"collection":[{"href":"https:\/\/www.maliz.it\/en\/wp-json\/wp\/v2\/pages"}],"about":[{"href":"https:\/\/www.maliz.it\/en\/wp-json\/wp\/v2\/types\/page"}],"author":[{"embeddable":true,"href":"https:\/\/www.maliz.it\/en\/wp-json\/wp\/v2\/users\/1"}],"replies":[{"embeddable":true,"href":"https:\/\/www.maliz.it\/en\/wp-json\/wp\/v2\/comments?post=2024"}],"version-history":[{"count":1,"href":"https:\/\/www.maliz.it\/en\/wp-json\/wp\/v2\/pages\/2024\/revisions"}],"predecessor-version":[{"id":3141,"href":"https:\/\/www.maliz.it\/en\/wp-json\/wp\/v2\/pages\/2024\/revisions\/3141"}],"up":[{"embeddable":true,"href":"https:\/\/www.maliz.it\/en\/wp-json\/wp\/v2\/pages\/1768"}],"wp:attachment":[{"href":"https:\/\/www.maliz.it\/en\/wp-json\/wp\/v2\/media?parent=2024"}],"curies":[{"name":"wp","href":"https:\/\/api.w.org\/{rel}","templated":true}]}}