{"id":2164,"date":"2024-11-07T09:28:16","date_gmt":"2024-11-07T08:28:16","guid":{"rendered":"https:\/\/www.maliz.it\/?page_id=2164"},"modified":"2025-10-06T09:24:24","modified_gmt":"2025-10-06T07:24:24","slug":"work-safety","status":"publish","type":"page","link":"https:\/\/www.maliz.it\/en\/work-safety\/","title":{"rendered":"Work safety"},"content":{"rendered":"<p>[et_pb_section fb_built=&#8221;1&#8243; fullwidth=&#8221;on&#8221; _builder_version=&#8221;4.27.2&#8243; _module_preset=&#8221;default&#8221; global_colors_info=&#8221;{}&#8221;][et_pb_fullwidth_slider admin_label=&#8221;FULL INTRO slider&#8221; module_id=&#8221;fullwidth-slider&#8221; module_class=&#8221;internal-intro-slider&#8221; _builder_version=&#8221;4.27.3&#8243; _module_preset=&#8221;default&#8221; global_colors_info=&#8221;{}&#8221;][et_pb_slide heading=&#8221;Work safety&#8221; button_text=&#8221;Contacts&#8221; button_link=&#8221;https:\/\/www.maliz.it\/contatti\/&#8221; _builder_version=&#8221;4.27.3&#8243; _module_preset=&#8221;default&#8221; background_enable_color=&#8221;off&#8221; background_image=&#8221;https:\/\/www.maliz.it\/wp-content\/uploads\/MALIZ_SicurezzaLavoro_Slider.jpg&#8221; background_enable_image=&#8221;on&#8221; global_colors_info=&#8221;{}&#8221; sticky_transition=&#8221;on&#8221;]<\/p>\n<h3>Support for companies regarding workplace safety compliance in Milan, Rho, and throughout Italy<\/h3>\n<p>[\/et_pb_slide][\/et_pb_fullwidth_slider][\/et_pb_section][et_pb_section fb_built=&#8221;1&#8243; _builder_version=&#8221;4.27.2&#8243; _module_preset=&#8221;default&#8221; global_colors_info=&#8221;{}&#8221;][et_pb_row _builder_version=&#8221;4.27.2&#8243; _module_preset=&#8221;default&#8221; global_colors_info=&#8221;{}&#8221;][et_pb_column type=&#8221;4_4&#8243; _builder_version=&#8221;4.27.2&#8243; _module_preset=&#8221;default&#8221; global_colors_info=&#8221;{}&#8221;][et_pb_text admin_label=&#8221;INTRO text&#8221; module_class=&#8221;intro-text&#8221; _builder_version=&#8221;4.27.3&#8243; _module_preset=&#8221;default&#8221; global_colors_info=&#8221;{}&#8221;]<\/p>\n<p>At <strong>Maliz Medicina &amp; Sicurezza<\/strong>, we are also very active in the field of <strong>workplace safety in Milan<\/strong>. Every day, our team of experts assists companies from all sectors in complying with the regulatory requirements set by law. Our companies always have a dedicated contact person who knows them and can assist them at any time. For us, every company is special and deserves the right amount of time. We can support our clients in drafting DVR, DUVRI, POS, PSC. We are by their side to assist them with environmental assessments, sound measurements, environmental impact assessments, atmospheric emissions, magnetic field measurements, vibrations. We conduct monthly training courses of all types. The courses can be delivered, where required, through specific e-learning platforms or FAD mode. We are also able to support our companies with all procedures related to inter-professional funds for funded training.<\/p>\n<p><strong>Workplace safety<\/strong> is a fundamental aspect that every company must consider to ensure a <strong>safe work environment<\/strong> for all employees. An adequate <strong>workplace safety system<\/strong> not only prevents accidents and injuries but also promotes overall well-being and productivity within the company.<\/p>\n<p>In particular, <strong>workplace safety in Milan<\/strong> is of even greater importance, considering the high density of businesses and productive activities in the city. It is essential that all companies comply with current regulations and adopt appropriate preventive measures to safeguard the health of their workers.<\/p>\n<p>For this reason, <strong>workplace safety courses in Milan<\/strong> are essential. These courses provide employees and business managers with the <strong>skills and knowledge<\/strong> necessary to identify risks, implement effective prevention measures, and respond promptly in case of an emergency. Investing in <strong>safety training<\/strong> is not only a legal obligation but also an <strong>investment in the health<\/strong> and safety of your team.<\/p>\n<p>Would you like more information on the various issues related to <strong>workplace safety in Milan<\/strong>? Contact Maliz Medicina &amp; Sicurezza at our headquarters at Via Cardinal Ferrari 78 in Rho (Milan): you will find all our contact details on the dedicated page.<\/p>\n<p>[\/et_pb_text][et_pb_button button_url=&#8221;https:\/\/www.maliz.it\/en\/contacts&#8221; button_text=&#8221;CONTACT OUR EXPERTS&#8221; button_alignment=&#8221;center&#8221; admin_label=&#8221;INTRO action button&#8221; _builder_version=&#8221;4.27.3&#8243; _module_preset=&#8221;default&#8221; global_colors_info=&#8221;{}&#8221;][\/et_pb_button][\/et_pb_column][\/et_pb_row][et_pb_row column_structure=&#8221;1_2,1_2&#8243; module_class=&#8221;main-content-internal&#8221; _builder_version=&#8221;4.27.2&#8243; _module_preset=&#8221;default&#8221; global_colors_info=&#8221;{}&#8221;][et_pb_column type=&#8221;1_2&#8243; _builder_version=&#8221;4.27.2&#8243; _module_preset=&#8221;default&#8221; global_colors_info=&#8221;{}&#8221;][et_pb_text admin_label=&#8221;MAIN CONTENT title&#8221; _builder_version=&#8221;4.27.3&#8243; _module_preset=&#8221;default&#8221; global_colors_info=&#8221;{}&#8221;]<\/p>\n<h3>We offer workplace safety courses to companies in Milan<\/h3>\n<p>[\/et_pb_text][et_pb_text admin_label=&#8221;MAIN CONTENT text&#8221; _builder_version=&#8221;4.27.3&#8243; _module_preset=&#8221;default&#8221; global_colors_info=&#8221;{}&#8221;]<\/p>\n<p>Regarding workplace safety in Milan, we at Maliz Medicina &amp; Sicurezza can assist various companies with:<\/p>\n<ul>\n<li>Risk assessment in workplaces and temporary and mobile construction sites (DVR);<\/li>\n<li>Operational Safety Plans (POS);<\/li>\n<li>Documents for risk assessment from interference (DUVRI);<\/li>\n<li>Assessment of environments with explosion risk;<\/li>\n<li>Vibration assessment;<\/li>\n<li>Fire risk assessment and emergency plan;<\/li>\n<li>Environmental impact assessment (environmental investigations for chemical risks and sound measurements);<\/li>\n<li>All training courses required by D.Lgs 81\/08 in classroom, e-learning, and FaD modes;<\/li>\n<li>Documents for stress-related work risk assessment;<\/li>\n<li>Procedures for atmospheric emissions;<\/li>\n<li>Procedures for Fire Prevention Certificates;<\/li>\n<li>Energy certifications;<\/li>\n<li>External RSPP assignment;<\/li>\n<li>Consultancy and updates on safety regulations;<\/li>\n<li>Laboratory analyses of any kind;<\/li>\n<li>Manual load handling and repetitive upper limb movement assessments using Niosh, Ocra, and Ciriello methods;<\/li>\n<li>Electromagnetic field assessment; Development of ISO certification systems for quality, safety, and the environment;<\/li>\n<li>Drafting of privacy documents.<\/li>\n<\/ul>\n<p>[\/et_pb_text][\/et_pb_column][et_pb_column type=&#8221;1_2&#8243; _builder_version=&#8221;4.27.2&#8243; _module_preset=&#8221;default&#8221; global_colors_info=&#8221;{}&#8221;][et_pb_image src=&#8221;https:\/\/www.maliz.it\/wp-content\/uploads\/MALIZ_SicurezzaLavoro_Int1.jpeg&#8221; title_text=&#8221;MALIZ_SicurezzaLavoro_Int1&#8243; admin_label=&#8221;CONTENT image&#8221; _builder_version=&#8221;4.27.3&#8243; _module_preset=&#8221;default&#8221; global_colors_info=&#8221;{}&#8221;][\/et_pb_image][\/et_pb_column][\/et_pb_row][\/et_pb_section][et_pb_section fb_built=&#8221;1&#8243; fullwidth=&#8221;on&#8221; _builder_version=&#8221;4.27.2&#8243; _module_preset=&#8221;default&#8221; global_colors_info=&#8221;{}&#8221;][et_pb_fullwidth_slider admin_label=&#8221;FULL OUTRO slider&#8221; module_id=&#8221;fullwidth-outro-slider&#8221; _builder_version=&#8221;4.27.3&#8243; _module_preset=&#8221;default&#8221; global_colors_info=&#8221;{}&#8221;][et_pb_slide heading=&#8221;Work safety&#8221; button_text=&#8221;Call us&#8221; button_link=&#8221;tel:+39029309391&#8243; _builder_version=&#8221;4.27.3&#8243; _module_preset=&#8221;default&#8221; background_enable_color=&#8221;off&#8221; background_image=&#8221;https:\/\/www.maliz.it\/wp-content\/uploads\/MALIZ_Outro_Slider.jpg&#8221; background_enable_image=&#8221;on&#8221; text_orientation=&#8221;left&#8221; global_colors_info=&#8221;{}&#8221; sticky_transition=&#8221;on&#8221;]<\/p>\n<h3>Call us if you would like to receive further information about workplace safety or the schedule of our courses.<\/h3>\n<p>[\/et_pb_slide][\/et_pb_fullwidth_slider][\/et_pb_section]<\/p>\n","protected":false},"excerpt":{"rendered":"<p>Support for companies regarding workplace safety compliance in Milan, Rho, and throughout ItalyAt Maliz Medicina &amp; Sicurezza, we are also very active in the field of workplace safety in Milan. Every day, our team of experts assists companies from all sectors in complying with the regulatory requirements set by law. Our companies always have a [&hellip;]<\/p>\n","protected":false},"author":1,"featured_media":0,"parent":0,"menu_order":0,"comment_status":"closed","ping_status":"closed","template":"","meta":{"_et_pb_use_builder":"on","_et_pb_old_content":"<p>[et_pb_section fb_built=\"1\" fullwidth=\"on\" _builder_version=\"4.27.2\" _module_preset=\"default\" global_colors_info=\"{}\"][et_pb_fullwidth_slider admin_label=\"FULL INTRO slider\" module_id=\"fullwidth-slider\" module_class=\"internal-intro-slider\" _builder_version=\"4.27.3\" _module_preset=\"default\" global_colors_info=\"{}\"][et_pb_slide heading=\"Sicurezza sul lavoro\" button_text=\"Contatti\" button_link=\"https:\/\/www.maliz.it\/contatti\/\" _builder_version=\"4.27.3\" _module_preset=\"default\" background_enable_color=\"off\" background_image=\"https:\/\/www.maliz.it\/wp-content\/uploads\/MALIZ_SicurezzaLavoro_Slider.jpg\" background_enable_image=\"on\" global_colors_info=\"{}\" sticky_transition=\"on\"]<\/p><h3>Affiancamento aziende in merito ad adempimenti per sicurezza sul lavoro a Milano, Rho e tutta Italia<\/h3><p>[\/et_pb_slide][\/et_pb_fullwidth_slider][\/et_pb_section][et_pb_section fb_built=\"1\" _builder_version=\"4.27.2\" _module_preset=\"default\" global_colors_info=\"{}\"][et_pb_row _builder_version=\"4.27.2\" _module_preset=\"default\" global_colors_info=\"{}\"][et_pb_column type=\"4_4\" _builder_version=\"4.27.2\" _module_preset=\"default\" global_colors_info=\"{}\"][et_pb_text admin_label=\"INTRO text\" module_class=\"intro-text\" _builder_version=\"4.27.3\" _module_preset=\"default\" global_colors_info=\"{}\"]<\/p><p>Noi di <strong>Maliz Medicina & Sicurezza<\/strong> siamo anche molto attivi nell'ambito della <strong>sicurezza sul lavoro a Milano<\/strong>. Ogni giorno il nostro gruppo di esperti affianca imprese di tutti i settori negli adempimenti normativi previsti dalla legge. Le nostre aziende hanno sempre un preciso referente che le segue, che le conosce e che in ogni momento pu\u00f2 aiutarle. Per noi ogni azienda \u00e8 speciale e meritevole del giusto tempo. Possiamo supportare i nostri Clienti nella redazione di DVR, DUVRI, POS, PSC. Siamo al loro fianco per supportarli per le rilevazioni ambientali, fonometrie, valutazione impatto ambientale, emissioni in atmosfera, rilevazioni di campi magnetici, vibrazioni. Teniamo mensilmente corsi di formazione di ogni tipologia. I corsi possono essere fatti, dove previsto attraverso specifiche piattaforme e-learning o in modalit\u00e0 FAD. Siamo in grado di supportare le nostre aziende anche in tutte le pratiche relative a fondi interprofessionali per la formazione finanziata<\/p><p>La <strong>sicurezza sul lavoro<\/strong> \u00e8 un aspetto fondamentale che ogni azienda deve considerare per garantire un <strong>ambiente di lavoro sicuro<\/strong> e protetto per tutti i dipendenti. Un adeguato <strong>sistema di sicurezza sul lavoro<\/strong> non solo previene incidenti e infortuni, ma promuove anche il benessere generale e la produttivit\u00e0 all'interno dell'azienda.<\/p><p>In particolare, la <strong>sicurezza sul lavoro a Milano<\/strong> assume un'importanza ancora maggiore, considerando l'elevata densit\u00e0 di imprese e attivit\u00e0 produttive nella citt\u00e0. \u00c8 essenziale che tutte le aziende rispettino le normative vigenti e adottino misure preventive adeguate per salvaguardare la salute dei propri lavoratori.<\/p><p>Per questo motivo, i <strong>corsi sulla sicurezza sul lavoro a Milano<\/strong> sono indispensabili. Questi corsi forniscono ai dipendenti e ai responsabili aziendali le <strong>competenze e le conoscenze necessarie<\/strong> per identificare i rischi, implementare misure di prevenzione efficaci e intervenire prontamente in caso di emergenza. Investire nella <strong>formazione sulla sicurezza<\/strong> non \u00e8 solo un obbligo legale, ma anche un <strong>investimento nella salute<\/strong> e nella sicurezza del proprio team.<\/p><p>Desideri maggiori informazioni in merito alle varie tematiche riguardanti la <strong>sicurezza sul lavoro a Milano<\/strong>? Contatta Maliz Medicina & Sicurezza presso la sua sede di Via Cardinal Ferrari 78 a Rho (Milano): troverai tutti i nostri recapiti nella pagina dedicata.<\/p><p>[\/et_pb_text][et_pb_button button_url=\"https:\/\/www.maliz.it\/contatti\/\" button_text=\"CONTATTA GLI ESPERTI\" button_alignment=\"center\" admin_label=\"INTRO action button\" _builder_version=\"4.27.3\" _module_preset=\"default\" global_colors_info=\"{}\"][\/et_pb_button][\/et_pb_column][\/et_pb_row][et_pb_row column_structure=\"1_2,1_2\" module_class=\"main-content-internal\" _builder_version=\"4.27.2\" _module_preset=\"default\" global_colors_info=\"{}\"][et_pb_column type=\"1_2\" _builder_version=\"4.27.2\" _module_preset=\"default\" global_colors_info=\"{}\"][et_pb_text admin_label=\"MAIN CONTENT title\" _builder_version=\"4.27.3\" _module_preset=\"default\" global_colors_info=\"{}\"]<\/p><h3>Offriamo alle aziende corsi di sicurezza sul lavoro a Milano<\/h3><p>[\/et_pb_text][et_pb_text admin_label=\"MAIN CONTENT text\" _builder_version=\"4.27.3\" _module_preset=\"default\" global_colors_info=\"{}\"]<\/p><p>Per ci\u00f2 che riguarda la sicurezza sul lavoro a Milano noi di Maliz Medicina & Sicurezza possiamo affiancare le varie aziende per quanto concerne:<\/p><ul><li>Valutazione dei rischi nei luoghi di lavoro e nei cantieri temporanei e mobili (DVR);<\/li><li>Piani operativi di Sicurezza (POS);<\/li><li>Documenti valutazione rischi da interferenza (DUVRI);<\/li><li>Valutazione degli ambienti con rischio di esplosione;<\/li><li>Valutazione vibrazioni;<\/li><li>Valutazione del rischio incendio e piano di emergenza;<\/li><li>Valutazione di impatto ambientale (indagini ambientali per rischio chimico e fonometrie);<\/li><li>Tutti i corsi di formazioni previsti dal D.Lgs 81\/08 in modalit\u00e0 aula, e-learning e FaD<\/li><li>Documenti valutazione rischio stress lavoro correlato;<\/li><li>Pratiche per emissioni in atmosfera;<\/li><li>Pratiche per Certificati Prevenzione Incendi;<\/li><li>Certificazioni energetiche;<\/li><li>Incarico di RSPP esterno;<\/li><li>Servizio di consulenza e aggiornamenti in materia di sicurezza;<\/li><li>Analisi di laboratorio di qualsiasi tipo;<\/li><li>Valutazioni movimentazione manuale dei carichi e movimenti ripetitivi degli arti superiori con metodiche Niosh, Ocra e Ciriello;<\/li><li>Valutazione campi elettromagnetici;Sviluppo di sistemi di certificazione ISO per la qualit\u00e0, la sicurezza e l\u2019ambiente;<\/li><li>Redazione documenti privacy.<\/li><\/ul><p>[\/et_pb_text][\/et_pb_column][et_pb_column type=\"1_2\" _builder_version=\"4.27.2\" _module_preset=\"default\" global_colors_info=\"{}\"][et_pb_image src=\"https:\/\/www.maliz.it\/wp-content\/uploads\/MALIZ_SicurezzaLavoro_Int1.jpeg\" title_text=\"MALIZ_SicurezzaLavoro_Int1\" admin_label=\"CONTENT image\" _builder_version=\"4.27.3\" _module_preset=\"default\" global_colors_info=\"{}\"][\/et_pb_image][\/et_pb_column][\/et_pb_row][\/et_pb_section][et_pb_section fb_built=\"1\" fullwidth=\"on\" _builder_version=\"4.27.2\" _module_preset=\"default\" global_colors_info=\"{}\"][et_pb_fullwidth_slider admin_label=\"FULL OUTRO slider\" module_id=\"fullwidth-outro-slider\" _builder_version=\"4.27.3\" _module_preset=\"default\" hover_enabled=\"0\" global_colors_info=\"{}\" sticky_enabled=\"0\"][et_pb_slide heading=\"Sicurezza sul lavoro\" button_text=\"Chiamaci\" button_link=\"tel:+39029309391\" _builder_version=\"4.27.3\" _module_preset=\"default\" background_enable_color=\"off\" background_image=\"https:\/\/www.maliz.it\/wp-content\/uploads\/MALIZ_Outro_Slider.jpg\" background_enable_image=\"on\" text_orientation=\"left\" hover_enabled=\"0\" global_colors_info=\"{}\" sticky_transition=\"on\" sticky_enabled=\"0\"]<\/p><h3>Chiamaci se vuoi ricevere ulteriori informazioni in merito alla sicurezza sul lavoro o il calendario dei nostri corsi<\/h3><p>[\/et_pb_slide][\/et_pb_fullwidth_slider][\/et_pb_section]<\/p>","_et_gb_content_width":"","footnotes":""},"class_list":["post-2164","page","type-page","status-publish","hentry"],"_links":{"self":[{"href":"https:\/\/www.maliz.it\/en\/wp-json\/wp\/v2\/pages\/2164","targetHints":{"allow":["GET"]}}],"collection":[{"href":"https:\/\/www.maliz.it\/en\/wp-json\/wp\/v2\/pages"}],"about":[{"href":"https:\/\/www.maliz.it\/en\/wp-json\/wp\/v2\/types\/page"}],"author":[{"embeddable":true,"href":"https:\/\/www.maliz.it\/en\/wp-json\/wp\/v2\/users\/1"}],"replies":[{"embeddable":true,"href":"https:\/\/www.maliz.it\/en\/wp-json\/wp\/v2\/comments?post=2164"}],"version-history":[{"count":1,"href":"https:\/\/www.maliz.it\/en\/wp-json\/wp\/v2\/pages\/2164\/revisions"}],"predecessor-version":[{"id":3200,"href":"https:\/\/www.maliz.it\/en\/wp-json\/wp\/v2\/pages\/2164\/revisions\/3200"}],"wp:attachment":[{"href":"https:\/\/www.maliz.it\/en\/wp-json\/wp\/v2\/media?parent=2164"}],"curies":[{"name":"wp","href":"https:\/\/api.w.org\/{rel}","templated":true}]}}